{"id":1036,"date":"2024-07-17T15:51:26","date_gmt":"2024-07-17T13:51:26","guid":{"rendered":"https:\/\/2024.sftechnique.ch\/datenschutzrichtlinie\/"},"modified":"2024-12-17T10:01:59","modified_gmt":"2024-12-17T09:01:59","slug":"datenschutzrichtlinie","status":"publish","type":"page","link":"https:\/\/sftechnique.ch\/de\/datenschutzrichtlinie\/","title":{"rendered":"Datenschutzrichtlinie"},"content":{"rendered":"&#13;\n<h2 class=\"wp-block-heading\">Wer sind wir?<\/h2>&#13;\n&#13;\n<p><strong class=\"privacy-policy-tutorial\"> <\/strong>Die Adresse unserer Website ist: sftechnique.ch<\/p>&#13;\n&#13;\n<h2 class=\"wp-block-heading\">Kommentare<\/h2>&#13;\n&#13;\n<p>Wenn Sie einen Kommentar auf unserer Website hinterlassen, werden die Daten, die Sie in das Kommentarformular eingeben, sowie Ihre IP-Adresse und der User Agent Ihres Browsers gesammelt, um uns bei der Erkennung von unerw\u00fcnschten Kommentaren zu helfen.<\/p>&#13;\n&#13;\n<p>Eine anonymisierte Zeichenfolge, die aus Ihrer E-Mail-Adresse erstellt wird (auch Hash genannt), kann an den Gravatar-Service gesendet werden, um zu \u00fcberpr\u00fcfen, ob Sie diesen Service nutzen. Die Datenschutzbestimmungen f\u00fcr den Gravatar-Service finden Sie hier: https:\/\/automattic.com\/privacy\/. Nachdem Sie Ihren Kommentar freigeschaltet haben, wird Ihr Profilbild neben Ihrem Kommentar \u00f6ffentlich sichtbar.<\/p>&#13;\n&#13;\n<h2 class=\"wp-block-heading\">Medien<\/h2>&#13;\n&#13;\n<p>Wenn Sie Bilder auf die Website hochladen, empfehlen wir Ihnen, das Hochladen von Bildern zu vermeiden, die EXIF-Daten von GPS-Koordinaten enthalten. Personen, die Ihre Website besuchen, k\u00f6nnen Standortdaten von diesen Bildern herunterladen und extrahieren.<\/p>&#13;\n&#13;\n<h2 class=\"wp-block-heading\">Cookies<\/h2>&#13;\n&#13;\n<p>Wenn Sie einen Kommentar auf unserer Website abgeben, wird Ihnen angeboten, Ihren Namen, Ihre E-Mail-Adresse und Ihre Website in Cookies zu speichern. Dies ist nur zu Ihrer Bequemlichkeit, damit Sie diese Informationen nicht eingeben m\u00fcssen, wenn Sie sp\u00e4ter einen weiteren Kommentar abgeben. Diese Cookies laufen nach einem Jahr ab.<\/p>&#13;\n&#13;\n<p>Wenn Sie die Anmeldeseite aufrufen, wird ein tempor\u00e4res Cookie erstellt, um festzustellen, ob Ihr Browser Cookies akzeptiert. Sie enth\u00e4lt keine pers\u00f6nlichen Daten und wird automatisch gel\u00f6scht, wenn Sie Ihren Browser schlie\u00dfen.<\/p>&#13;\n&#13;\n<p>Wenn Sie sich einloggen, werden wir eine Reihe von Cookies setzen, um Ihre Anmeldeinformationen und Bildschirmeinstellungen zu speichern. Die Lebensdauer eines Verbindungs-Cookies betr\u00e4gt zwei Tage, die eines Bildschirmoptions-Cookies ein Jahr. Wenn Sie &#8222;An mich erinnern&#8220; ankreuzen, wird Ihr Anmelde-Cookie zwei Wochen lang gespeichert. Wenn Sie sich von Ihrem Konto abmelden, wird der Anmelde-Cookie gel\u00f6scht.<\/p>&#13;\n&#13;\n<p>Wenn Sie eine Publikation bearbeiten oder ver\u00f6ffentlichen, wird ein zus\u00e4tzliches Cookie in Ihrem Browser gespeichert. Dieses Cookie enth\u00e4lt keine pers\u00f6nlichen Daten. Er zeigt lediglich die ID der Publikation an, die Sie gerade bearbeitet haben. Er l\u00e4uft nach einem Tag ab.<\/p>&#13;\n&#13;\n<h2 class=\"wp-block-heading\">Eingebettete Inhalte von anderen Websites<\/h2>&#13;\n&#13;\n<p>Die Artikel auf dieser Website k\u00f6nnen eingebettete Inhalte enthalten (z.B. Videos, Bilder, Artikel&#8230;). Inhalte, die von anderen Websites eingebunden werden, verhalten sich so, als ob der Besucher diese andere Website besuchen w\u00fcrde.<\/p>&#13;\n&#13;\n<p>Diese Webseiten k\u00f6nnen Daten \u00fcber Sie sammeln, Cookies verwenden, Tracking-Tools von Dritten einbetten und Ihre Interaktionen mit diesen eingebetteten Inhalten verfolgen, wenn Sie ein angemeldetes Konto auf ihrer Webseite haben.<\/p>&#13;\n&#13;\n<h2 class=\"wp-block-heading\">Nutzung und \u00dcbermittlung Ihrer pers\u00f6nlichen Daten<\/h2>&#13;\n&#13;\n<p>Wenn Sie ein Zur\u00fccksetzen Ihres Passworts anfordern, wird Ihre IP-Adresse in die E-Mail mit dem Zur\u00fccksetzen aufgenommen.<\/p>&#13;\n&#13;\n<h2 class=\"wp-block-heading\">Dauer der Speicherung Ihrer Daten<\/h2>&#13;\n&#13;\n<p>Wenn Sie einen Kommentar hinterlassen, werden der Kommentar und seine Metadaten auf unbestimmte Zeit gespeichert. Dies erm\u00f6glicht es, nachfolgende Kommentare automatisch zu erkennen und zu genehmigen, anstatt sie in der Moderationswarteschlange zu belassen.<\/p>&#13;\n&#13;\n<p>F\u00fcr Konten, die sich auf unserer Website registrieren (falls zutreffend), speichern wir auch die pers\u00f6nlichen Daten, die in ihrem Profil angegeben sind. Alle Konten k\u00f6nnen ihre pers\u00f6nlichen Informationen jederzeit einsehen, \u00e4ndern oder l\u00f6schen (mit Ausnahme ihres Benutzernamens). Die Verwalter der Website k\u00f6nnen diese Informationen ebenfalls einsehen und \u00e4ndern.<\/p>&#13;\n&#13;\n<h2 class=\"wp-block-heading\">Die Rechte, die Sie \u00fcber Ihre Daten haben<\/h2>&#13;\n&#13;\n<p>Wenn Sie ein Konto haben oder Kommentare auf der Website hinterlassen haben, k\u00f6nnen Sie eine Datei anfordern, die alle pers\u00f6nlichen Daten enth\u00e4lt, die wir \u00fcber Sie gespeichert haben, einschlie\u00dflich der Daten, die Sie uns zur Verf\u00fcgung gestellt haben. Sie k\u00f6nnen auch die L\u00f6schung Ihrer pers\u00f6nlichen Daten verlangen. Dies gilt nicht f\u00fcr Daten, die f\u00fcr administrative oder gesetzliche Zwecke oder aus Sicherheitsgr\u00fcnden gespeichert werden.<\/p>&#13;\n&#13;\n<h2 class=\"wp-block-heading\">Wohin Ihre Daten gesendet werden<\/h2>&#13;\n&#13;\n<p>Die Kommentare der Besucher k\u00f6nnen mit Hilfe eines automatisierten Dienstes zur Erkennung unerw\u00fcnschter Kommentare \u00fcberpr\u00fcft werden.<\/p>&#13;\n<p>&nbsp;<\/p>\n","protected":false},"excerpt":{"rendered":"<p>&#13; Wer sind wir? &#13; &#13; Die Adresse unserer Website ist: sftechnique.ch &#13; &#13; Kommentare &#13; &#13; Wenn Sie einen Kommentar auf unserer Website hinterlassen, werden die Daten, die Sie in das Kommentarformular eingeben, sowie Ihre IP-Adresse und der User Agent Ihres Browsers gesammelt, um uns bei der Erkennung von unerw\u00fcnschten Kommentaren zu helfen. &#13; [&hellip;]<\/p>\n","protected":false},"author":1,"featured_media":0,"parent":0,"menu_order":10,"comment_status":"closed","ping_status":"closed","template":"","meta":{"_acf_changed":false,"_monsterinsights_skip_tracking":false,"_monsterinsights_sitenote_active":false,"_monsterinsights_sitenote_note":"","_monsterinsights_sitenote_category":0,"footnotes":""},"class_list":["post-1036","page","type-page","status-publish","hentry"],"acf":[],"yoast_head":"<!-- This site is optimized with the Yoast SEO plugin v24.0 - https:\/\/yoast.com\/wordpress\/plugins\/seo\/ -->\n<title>Datenschutzrichtlinie - SF TEchnique<\/title>\n<meta name=\"robots\" content=\"index, follow, max-snippet:-1, max-image-preview:large, max-video-preview:-1\" \/>\n<link rel=\"canonical\" href=\"https:\/\/sftechnique.ch\/de\/datenschutzrichtlinie\/\" \/>\n<meta property=\"og:locale\" content=\"de_DE\" \/>\n<meta property=\"og:type\" content=\"article\" \/>\n<meta property=\"og:title\" content=\"Datenschutzrichtlinie - SF TEchnique\" \/>\n<meta property=\"og:description\" content=\"&#013; Wer sind wir? &#013; &#013; Die Adresse unserer Website ist: sftechnique.ch &#013; &#013; Kommentare &#013; &#013; Wenn Sie einen Kommentar auf unserer Website hinterlassen, werden die Daten, die Sie in das Kommentarformular eingeben, sowie Ihre IP-Adresse und der User Agent Ihres Browsers gesammelt, um uns bei der Erkennung von unerw\u00fcnschten Kommentaren zu helfen. &#013; [&hellip;]\" \/>\n<meta property=\"og:url\" content=\"https:\/\/sftechnique.ch\/de\/datenschutzrichtlinie\/\" \/>\n<meta property=\"og:site_name\" content=\"SF TEchnique\" \/>\n<meta property=\"article:modified_time\" content=\"2024-12-17T09:01:59+00:00\" \/>\n<meta name=\"twitter:card\" content=\"summary_large_image\" \/>\n<meta name=\"twitter:label1\" content=\"Gesch\u00e4tzte Lesezeit\" \/>\n\t<meta name=\"twitter:data1\" content=\"3\u00a0Minuten\" \/>\n<script type=\"application\/ld+json\" class=\"yoast-schema-graph\">{\"@context\":\"https:\/\/schema.org\",\"@graph\":[{\"@type\":\"WebPage\",\"@id\":\"https:\/\/sftechnique.ch\/de\/datenschutzrichtlinie\/\",\"url\":\"https:\/\/sftechnique.ch\/de\/datenschutzrichtlinie\/\",\"name\":\"Datenschutzrichtlinie - SF TEchnique\",\"isPartOf\":{\"@id\":\"https:\/\/sftechnique.ch\/de\/#website\"},\"datePublished\":\"2024-07-17T13:51:26+00:00\",\"dateModified\":\"2024-12-17T09:01:59+00:00\",\"breadcrumb\":{\"@id\":\"https:\/\/sftechnique.ch\/de\/datenschutzrichtlinie\/#breadcrumb\"},\"inLanguage\":\"de\",\"potentialAction\":[{\"@type\":\"ReadAction\",\"target\":[\"https:\/\/sftechnique.ch\/de\/datenschutzrichtlinie\/\"]}]},{\"@type\":\"BreadcrumbList\",\"@id\":\"https:\/\/sftechnique.ch\/de\/datenschutzrichtlinie\/#breadcrumb\",\"itemListElement\":[{\"@type\":\"ListItem\",\"position\":1,\"name\":\"Accueil\",\"item\":\"https:\/\/sftechnique.ch\/de\/startseite\/\"},{\"@type\":\"ListItem\",\"position\":2,\"name\":\"Datenschutzrichtlinie\"}]},{\"@type\":\"WebSite\",\"@id\":\"https:\/\/sftechnique.ch\/de\/#website\",\"url\":\"https:\/\/sftechnique.ch\/de\/\",\"name\":\"SF TEchnique\",\"description\":\"Savoir-Faire Technique\",\"publisher\":{\"@id\":\"https:\/\/sftechnique.ch\/de\/#organization\"},\"potentialAction\":[{\"@type\":\"SearchAction\",\"target\":{\"@type\":\"EntryPoint\",\"urlTemplate\":\"https:\/\/sftechnique.ch\/de\/?s={search_term_string}\"},\"query-input\":{\"@type\":\"PropertyValueSpecification\",\"valueRequired\":true,\"valueName\":\"search_term_string\"}}],\"inLanguage\":\"de\"},{\"@type\":\"Organization\",\"@id\":\"https:\/\/sftechnique.ch\/de\/#organization\",\"name\":\"SF TEchnique\",\"url\":\"https:\/\/sftechnique.ch\/de\/\",\"logo\":{\"@type\":\"ImageObject\",\"inLanguage\":\"de\",\"@id\":\"https:\/\/sftechnique.ch\/de\/#\/schema\/logo\/image\/\",\"url\":\"https:\/\/sftechnique.ch\/wp-content\/uploads\/SF-Technique_Logo-1.png\",\"contentUrl\":\"https:\/\/sftechnique.ch\/wp-content\/uploads\/SF-Technique_Logo-1.png\",\"width\":600,\"height\":334,\"caption\":\"SF TEchnique\"},\"image\":{\"@id\":\"https:\/\/sftechnique.ch\/de\/#\/schema\/logo\/image\/\"}}]}<\/script>\n<!-- \/ Yoast SEO plugin. -->","yoast_head_json":{"title":"Datenschutzrichtlinie - SF TEchnique","robots":{"index":"index","follow":"follow","max-snippet":"max-snippet:-1","max-image-preview":"max-image-preview:large","max-video-preview":"max-video-preview:-1"},"canonical":"https:\/\/sftechnique.ch\/de\/datenschutzrichtlinie\/","og_locale":"de_DE","og_type":"article","og_title":"Datenschutzrichtlinie - SF TEchnique","og_description":"&#13; Wer sind wir? &#13; &#13; Die Adresse unserer Website ist: sftechnique.ch &#13; &#13; Kommentare &#13; &#13; Wenn Sie einen Kommentar auf unserer Website hinterlassen, werden die Daten, die Sie in das Kommentarformular eingeben, sowie Ihre IP-Adresse und der User Agent Ihres Browsers gesammelt, um uns bei der Erkennung von unerw\u00fcnschten Kommentaren zu helfen. &#13; [&hellip;]","og_url":"https:\/\/sftechnique.ch\/de\/datenschutzrichtlinie\/","og_site_name":"SF TEchnique","article_modified_time":"2024-12-17T09:01:59+00:00","twitter_card":"summary_large_image","twitter_misc":{"Gesch\u00e4tzte Lesezeit":"3\u00a0Minuten"},"schema":{"@context":"https:\/\/schema.org","@graph":[{"@type":"WebPage","@id":"https:\/\/sftechnique.ch\/de\/datenschutzrichtlinie\/","url":"https:\/\/sftechnique.ch\/de\/datenschutzrichtlinie\/","name":"Datenschutzrichtlinie - SF TEchnique","isPartOf":{"@id":"https:\/\/sftechnique.ch\/de\/#website"},"datePublished":"2024-07-17T13:51:26+00:00","dateModified":"2024-12-17T09:01:59+00:00","breadcrumb":{"@id":"https:\/\/sftechnique.ch\/de\/datenschutzrichtlinie\/#breadcrumb"},"inLanguage":"de","potentialAction":[{"@type":"ReadAction","target":["https:\/\/sftechnique.ch\/de\/datenschutzrichtlinie\/"]}]},{"@type":"BreadcrumbList","@id":"https:\/\/sftechnique.ch\/de\/datenschutzrichtlinie\/#breadcrumb","itemListElement":[{"@type":"ListItem","position":1,"name":"Accueil","item":"https:\/\/sftechnique.ch\/de\/startseite\/"},{"@type":"ListItem","position":2,"name":"Datenschutzrichtlinie"}]},{"@type":"WebSite","@id":"https:\/\/sftechnique.ch\/de\/#website","url":"https:\/\/sftechnique.ch\/de\/","name":"SF TEchnique","description":"Savoir-Faire Technique","publisher":{"@id":"https:\/\/sftechnique.ch\/de\/#organization"},"potentialAction":[{"@type":"SearchAction","target":{"@type":"EntryPoint","urlTemplate":"https:\/\/sftechnique.ch\/de\/?s={search_term_string}"},"query-input":{"@type":"PropertyValueSpecification","valueRequired":true,"valueName":"search_term_string"}}],"inLanguage":"de"},{"@type":"Organization","@id":"https:\/\/sftechnique.ch\/de\/#organization","name":"SF TEchnique","url":"https:\/\/sftechnique.ch\/de\/","logo":{"@type":"ImageObject","inLanguage":"de","@id":"https:\/\/sftechnique.ch\/de\/#\/schema\/logo\/image\/","url":"https:\/\/sftechnique.ch\/wp-content\/uploads\/SF-Technique_Logo-1.png","contentUrl":"https:\/\/sftechnique.ch\/wp-content\/uploads\/SF-Technique_Logo-1.png","width":600,"height":334,"caption":"SF TEchnique"},"image":{"@id":"https:\/\/sftechnique.ch\/de\/#\/schema\/logo\/image\/"}}]}},"_links":{"self":[{"href":"https:\/\/sftechnique.ch\/de\/wp-json\/wp\/v2\/pages\/1036","targetHints":{"allow":["GET"]}}],"collection":[{"href":"https:\/\/sftechnique.ch\/de\/wp-json\/wp\/v2\/pages"}],"about":[{"href":"https:\/\/sftechnique.ch\/de\/wp-json\/wp\/v2\/types\/page"}],"author":[{"embeddable":true,"href":"https:\/\/sftechnique.ch\/de\/wp-json\/wp\/v2\/users\/1"}],"replies":[{"embeddable":true,"href":"https:\/\/sftechnique.ch\/de\/wp-json\/wp\/v2\/comments?post=1036"}],"version-history":[{"count":2,"href":"https:\/\/sftechnique.ch\/de\/wp-json\/wp\/v2\/pages\/1036\/revisions"}],"predecessor-version":[{"id":1062,"href":"https:\/\/sftechnique.ch\/de\/wp-json\/wp\/v2\/pages\/1036\/revisions\/1062"}],"wp:attachment":[{"href":"https:\/\/sftechnique.ch\/de\/wp-json\/wp\/v2\/media?parent=1036"}],"curies":[{"name":"wp","href":"https:\/\/api.w.org\/{rel}","templated":true}]}}