{"id":1025,"date":"2024-07-19T16:20:42","date_gmt":"2024-07-19T14:20:42","guid":{"rendered":"https:\/\/2024.sftechnique.ch\/ueber\/"},"modified":"2024-12-09T11:21:48","modified_gmt":"2024-12-09T10:21:48","slug":"ueber","status":"publish","type":"page","link":"https:\/\/sftechnique.ch\/de\/ueber\/","title":{"rendered":"\u00dcber uns"},"content":{"rendered":"\t\t<div data-elementor-type=\"wp-page\" data-elementor-id=\"1025\" class=\"elementor elementor-1025 elementor-120\" data-elementor-post-type=\"page\">\n\t\t\t\t<div class=\"elementor-element elementor-element-3664c174 e-flex e-con-boxed e-con e-parent\" data-id=\"3664c174\" data-element_type=\"container\">\n\t\t\t\t\t<div class=\"e-con-inner\">\n\t\t<div class=\"elementor-element elementor-element-8837952 e-con-full e-flex e-con e-child\" data-id=\"8837952\" data-element_type=\"container\">\n\t\t<div class=\"elementor-element elementor-element-42c0c87 e-con-full e-flex e-con e-child\" data-id=\"42c0c87\" data-element_type=\"container\">\n\t\t\t\t<\/div>\n\t\t<div class=\"elementor-element elementor-element-42e0e71 e-con-full e-flex e-con e-child\" data-id=\"42e0e71\" data-element_type=\"container\">\n\t\t\t\t<div class=\"elementor-element elementor-element-569282a elementor-invisible elementor-widget elementor-widget-elementskit-heading\" data-id=\"569282a\" data-element_type=\"widget\" data-settings=\"{&quot;_animation&quot;:&quot;fadeInDown&quot;}\" data-widget_type=\"elementskit-heading.default\">\n\t\t\t\t<div class=\"elementor-widget-container\">\n\t\t\t<div class=\"ekit-wid-con\" ><div class=\"ekit-heading elementskit-section-title-wraper text_left   ekit_heading_tablet-   ekit_heading_mobile-\"><h1 class=\"ekit-heading--title elementskit-section-title \">SF <span><span>Technique<\/span><\/span><\/h1><\/div><\/div>\t\t<\/div>\n\t\t\t\t<\/div>\n\t\t\t\t<div class=\"elementor-element elementor-element-b97fe95 elementor-invisible elementor-widget elementor-widget-text-editor\" data-id=\"b97fe95\" data-element_type=\"widget\" data-settings=\"{&quot;_animation&quot;:&quot;fadeInUp&quot;}\" data-widget_type=\"text-editor.default\">\n\t\t\t\t<div class=\"elementor-widget-container\">\n\t\t\t\t\t\t\t<p>Angetrieben von einer Leidenschaft f\u00fcr Mechanik und Automatisierung bieten wir Ihnen innovative und qualitativ hochwertige L\u00f6sungen.<\/p>\n\t\t\t\t\t\t<\/div>\n\t\t\t\t<\/div>\n\t\t\t\t<\/div>\n\t\t\t\t<\/div>\n\t\t<div class=\"elementor-element elementor-element-3cacea49 e-con-full e-flex e-con e-child\" data-id=\"3cacea49\" data-element_type=\"container\">\n\t\t\t\t<div class=\"elementor-element elementor-element-15bef3cd elementor-invisible elementor-widget elementor-widget-image\" data-id=\"15bef3cd\" data-element_type=\"widget\" data-settings=\"{&quot;_animation&quot;:&quot;fadeIn&quot;}\" data-widget_type=\"image.default\">\n\t\t\t\t<div class=\"elementor-widget-container\">\n\t\t\t\t\t\t\t\t\t\t\t\t\t<img fetchpriority=\"high\" decoding=\"async\" width=\"1920\" height=\"700\" src=\"https:\/\/sftechnique.ch\/wp-content\/uploads\/sf-technique_03.jpg\" class=\"attachment-full size-full wp-image-211\" alt=\"\" srcset=\"https:\/\/sftechnique.ch\/wp-content\/uploads\/sf-technique_03.jpg 1920w, https:\/\/sftechnique.ch\/wp-content\/uploads\/sf-technique_03-900x328.jpg 900w, https:\/\/sftechnique.ch\/wp-content\/uploads\/sf-technique_03-1200x438.jpg 1200w, https:\/\/sftechnique.ch\/wp-content\/uploads\/sf-technique_03-768x280.jpg 768w, https:\/\/sftechnique.ch\/wp-content\/uploads\/sf-technique_03-1536x560.jpg 1536w\" sizes=\"(max-width: 1920px) 100vw, 1920px\" \/>\t\t\t\t\t\t\t\t\t\t\t\t\t<\/div>\n\t\t\t\t<\/div>\n\t\t\t\t<\/div>\n\t\t\t\t\t<\/div>\n\t\t\t\t<\/div>\n\t\t<div class=\"elementor-element elementor-element-5ac8baa4 e-flex e-con-boxed e-con e-parent\" data-id=\"5ac8baa4\" data-element_type=\"container\">\n\t\t\t\t\t<div class=\"e-con-inner\">\n\t\t<div class=\"elementor-element elementor-element-e92e54d e-con-full e-flex e-con e-child\" data-id=\"e92e54d\" data-element_type=\"container\">\n\t\t<div class=\"elementor-element elementor-element-5eba78a2 e-con-full e-flex e-con e-child\" data-id=\"5eba78a2\" data-element_type=\"container\">\n\t\t\t\t<div class=\"elementor-element elementor-element-4bd9bf7e elementor-drop-cap-yes elementor-drop-cap-view-default elementor-invisible elementor-widget elementor-widget-text-editor\" data-id=\"4bd9bf7e\" data-element_type=\"widget\" data-settings=\"{&quot;_animation&quot;:&quot;fadeInUp&quot;,&quot;drop_cap&quot;:&quot;yes&quot;}\" data-widget_type=\"text-editor.default\">\n\t\t\t\t<div class=\"elementor-widget-container\">\n\t\t\t\t\t\t\t<p>Fr\u00e9d\u00e9ric Sahli hat sich seit seiner Kindheit f\u00fcr Mechanik und Automatisierung begeistert. Seine berufliche Laufbahn ist von einem st\u00e4ndigen Streben nach Wissen und Innovation gepr\u00e4gt.<\/p>\n<p>Seine Faszination f\u00fcr die Funktionsweise von Maschinen hat ihn dazu gebracht, jede Komponente auseinanderzunehmen und wieder zusammenzusetzen, um ihre Geheimnisse zu verstehen. Nach seinem Abschluss in Maschinenbau arbeitete Fr\u00e9d\u00e9ric in verschiedenen Unternehmen, sammelte Erfahrungen und verbesserte seine F\u00e4higkeiten in jeder Phase.<\/p>\n<p>Eine einsame Reise durch Afrika war ausschlaggebend f\u00fcr die Verwirklichung seiner Berufung. Diese Erfahrung, die von Begegnungen mit au\u00dfergew\u00f6hnlichen Kulturen und Pers\u00f6nlichkeiten gepr\u00e4gt war, inspirierte ihn dazu, ein Unternehmen zu gr\u00fcnden, das sein Engagement f\u00fcr Know-how, Technik und Kreativit\u00e4t verk\u00f6rpert.<\/p>\n\t\t\t\t\t\t<\/div>\n\t\t\t\t<\/div>\n\t\t\t\t<\/div>\n\t\t<div class=\"elementor-element elementor-element-2dc816d2 e-con-full e-flex e-con e-child\" data-id=\"2dc816d2\" data-element_type=\"container\">\n\t\t\t\t<div class=\"elementor-element elementor-element-14ddda3b elementor-invisible elementor-widget elementor-widget-image\" data-id=\"14ddda3b\" data-element_type=\"widget\" data-settings=\"{&quot;_animation&quot;:&quot;fadeInUp&quot;,&quot;_animation_delay&quot;:200}\" data-widget_type=\"image.default\">\n\t\t\t\t<div class=\"elementor-widget-container\">\n\t\t\t\t\t\t\t\t\t\t\t\t\t<img decoding=\"async\" width=\"795\" height=\"1000\" src=\"https:\/\/sftechnique.ch\/wp-content\/uploads\/Frederic-Sahli.jpg\" class=\"attachment-full size-full wp-image-256\" alt=\"\" srcset=\"https:\/\/sftechnique.ch\/wp-content\/uploads\/Frederic-Sahli.jpg 795w, https:\/\/sftechnique.ch\/wp-content\/uploads\/Frederic-Sahli-716x900.jpg 716w, https:\/\/sftechnique.ch\/wp-content\/uploads\/Frederic-Sahli-768x966.jpg 768w\" sizes=\"(max-width: 795px) 100vw, 795px\" \/>\t\t\t\t\t\t\t\t\t\t\t\t\t<\/div>\n\t\t\t\t<\/div>\n\t\t\t\t<\/div>\n\t\t<div class=\"elementor-element elementor-element-ee2a68c e-con-full e-flex elementor-invisible e-con e-child\" data-id=\"ee2a68c\" data-element_type=\"container\" data-settings=\"{&quot;animation&quot;:&quot;fadeInUp&quot;,&quot;animation_delay&quot;:400}\">\n\t\t\t\t<div class=\"elementor-element elementor-element-dbe19ee elementor-widget elementor-widget-testimonial\" data-id=\"dbe19ee\" data-element_type=\"widget\" data-widget_type=\"testimonial.default\">\n\t\t\t\t<div class=\"elementor-widget-container\">\n\t\t\t\t\t<div class=\"elementor-testimonial-wrapper\">\n\t\t\t\t\t\t\t<div class=\"elementor-testimonial-content\"><p>Bei SF Technique glaube ich an die Kraft der Innovation, die Strenge der Qualit\u00e4t und die Leidenschaft f\u00fcr die Mechanik. Jedes Projekt ist eine Gelegenheit, Grenzen zu \u00fcberschreiten und ma\u00dfgeschneiderte L\u00f6sungen zu schaffen, die unsere Kunden gl\u00fccklich und zufrieden machen.<\/p>\n<\/div>\n\t\t\t\n\t\t\t\t\t\t<div class=\"elementor-testimonial-meta\">\n\t\t\t\t<div class=\"elementor-testimonial-meta-inner\">\n\t\t\t\t\t\n\t\t\t\t\t\t\t\t\t\t<div class=\"elementor-testimonial-details\">\n\t\t\t\t\t\t\t\t\t\t\t\t\t\t<div class=\"elementor-testimonial-name\">Fr\u00e9d\u00e9ric Sahli<\/div>\n\t\t\t\t\t\t\t\t\t\t\t\t\t\t\t\t\t\t\t\t\t\t<div class=\"elementor-testimonial-job\">Gr\u00fcnder<\/div>\n\t\t\t\t\t\t\t\t\t\t\t\t\t<\/div>\n\t\t\t\t\t\t\t\t\t<\/div>\n\t\t\t<\/div>\n\t\t\t\t\t<\/div>\n\t\t\t\t<\/div>\n\t\t\t\t<\/div>\n\t\t\t\t<\/div>\n\t\t\t\t<\/div>\n\t\t\t\t\t<\/div>\n\t\t\t\t<\/div>\n\t\t<div class=\"elementor-element elementor-element-11502c58 e-flex e-con-boxed elementor-invisible e-con e-parent\" data-id=\"11502c58\" data-element_type=\"container\" data-settings=\"{&quot;background_background&quot;:&quot;video&quot;,&quot;background_video_link&quot;:&quot;https:\\\/\\\/sftechnique.ch\\\/wp-content\\\/uploads\\\/sf-technique_2.mp4&quot;,&quot;background_video_start&quot;:30,&quot;background_video_end&quot;:40,&quot;animation&quot;:&quot;fadeIn&quot;,&quot;background_play_on_mobile&quot;:&quot;yes&quot;}\">\n\t\t\t\t\t<div class=\"e-con-inner\">\n\t\t<div class=\"elementor-background-video-container\">\n\t\t\t\t\t\t\t<video class=\"elementor-background-video-hosted elementor-html5-video\" autoplay muted playsinline loop><\/video>\n\t\t\t\t\t<\/div>\t\t<div class=\"elementor-element elementor-element-631ab8f9 elementor-invisible elementor-widget elementor-widget-heading\" data-id=\"631ab8f9\" data-element_type=\"widget\" data-settings=\"{&quot;_animation&quot;:&quot;fadeIn&quot;}\" data-widget_type=\"heading.default\">\n\t\t\t\t<div class=\"elementor-widget-container\">\n\t\t\t<h1 class=\"elementor-heading-title elementor-size-default\">st\u00e4ndige Neuerfindung ist der Schl\u00fcssel zum Erfolg<\/h1>\t\t<\/div>\n\t\t\t\t<\/div>\n\t\t\t\t\t<\/div>\n\t\t\t\t<\/div>\n\t\t<div class=\"elementor-element elementor-element-641f7fe e-flex e-con-boxed e-con e-parent\" data-id=\"641f7fe\" data-element_type=\"container\">\n\t\t\t\t\t<div class=\"e-con-inner\">\n\t\t<div class=\"elementor-element elementor-element-7c331e5 e-con-full e-flex e-con e-child\" data-id=\"7c331e5\" data-element_type=\"container\">\n\t\t\t\t<div class=\"elementor-element elementor-element-2c5335b elementor-invisible elementor-widget elementor-widget-image\" data-id=\"2c5335b\" data-element_type=\"widget\" data-settings=\"{&quot;_animation&quot;:&quot;fadeInUp&quot;}\" data-widget_type=\"image.default\">\n\t\t\t\t<div class=\"elementor-widget-container\">\n\t\t\t\t\t\t\t\t\t\t\t\t\t<img decoding=\"async\" width=\"800\" height=\"800\" src=\"https:\/\/sftechnique.ch\/wp-content\/uploads\/sf-technique_09.jpg\" class=\"attachment-full size-full wp-image-677\" alt=\"\" srcset=\"https:\/\/sftechnique.ch\/wp-content\/uploads\/sf-technique_09.jpg 800w, https:\/\/sftechnique.ch\/wp-content\/uploads\/sf-technique_09-768x768.jpg 768w\" sizes=\"(max-width: 800px) 100vw, 800px\" \/>\t\t\t\t\t\t\t\t\t\t\t\t\t<\/div>\n\t\t\t\t<\/div>\n\t\t\t\t<\/div>\n\t\t<div class=\"elementor-element elementor-element-8840c20 e-con-full e-flex e-con e-child\" data-id=\"8840c20\" data-element_type=\"container\">\n\t\t\t\t<div class=\"elementor-element elementor-element-dcba2ea elementor-invisible elementor-widget elementor-widget-elementskit-heading\" data-id=\"dcba2ea\" data-element_type=\"widget\" data-settings=\"{&quot;_animation&quot;:&quot;fadeInUp&quot;}\" data-widget_type=\"elementskit-heading.default\">\n\t\t\t\t<div class=\"elementor-widget-container\">\n\t\t\t<div class=\"ekit-wid-con\" ><div class=\"ekit-heading elementskit-section-title-wraper text_left   ekit_heading_tablet-   ekit_heading_mobile-\"><h2 class=\"ekit-heading--title elementskit-section-title \">Innovationen f\u00fcr <span><span>Einen besseren Alltag<\/span><\/span><\/h2><\/div><\/div>\t\t<\/div>\n\t\t\t\t<\/div>\n\t\t\t\t<div class=\"elementor-element elementor-element-88c34db elementor-invisible elementor-widget elementor-widget-text-editor\" data-id=\"88c34db\" data-element_type=\"widget\" data-settings=\"{&quot;_animation&quot;:&quot;fadeInUp&quot;}\" data-widget_type=\"text-editor.default\">\n\t\t\t\t<div class=\"elementor-widget-container\">\n\t\t\t\t\t\t\t<p>SF Technique l\u00f6st komplexe Probleme und verbessert das Leben seiner Kunden durch innovative und leistungsf\u00e4hige technische L\u00f6sungen. Jedes Projekt wird mit gr\u00f6\u00dfter Sorgfalt behandelt, um die spezifischen Bed\u00fcrfnisse der Kunden zu erf\u00fcllen, mit dem ultimativen Ziel, ihre Erwartungen vollst\u00e4ndig zu erf\u00fcllen.<\/p>\n<p>SF Technique folgt nicht einfach dem Status quo, sondern versucht st\u00e4ndig, die Grenzen zu erweitern, in der \u00dcberzeugung, dass st\u00e4ndiges Hinterfragen der Schl\u00fcssel zum Erfolg ist.<\/p>\n\t\t\t\t\t\t<\/div>\n\t\t\t\t<\/div>\n\t\t\t\t<\/div>\n\t\t\t\t\t<\/div>\n\t\t\t\t<\/div>\n\t\t\t\t<\/div>\n\t\t","protected":false},"excerpt":{"rendered":"<p>SF Technique Angetrieben von einer Leidenschaft f\u00fcr Mechanik und Automatisierung bieten wir Ihnen innovative und qualitativ hochwertige L\u00f6sungen. Fr\u00e9d\u00e9ric Sahli hat sich seit seiner Kindheit f\u00fcr Mechanik und Automatisierung begeistert. Seine berufliche Laufbahn ist von einem st\u00e4ndigen Streben nach Wissen und Innovation gepr\u00e4gt. Seine Faszination f\u00fcr die Funktionsweise von Maschinen hat ihn dazu gebracht, jede [&hellip;]<\/p>\n","protected":false},"author":1,"featured_media":0,"parent":0,"menu_order":3,"comment_status":"closed","ping_status":"closed","template":"elementor_header_footer","meta":{"_acf_changed":false,"_monsterinsights_skip_tracking":false,"_monsterinsights_sitenote_active":false,"_monsterinsights_sitenote_note":"","_monsterinsights_sitenote_category":0,"footnotes":""},"class_list":["post-1025","page","type-page","status-publish","hentry"],"acf":[],"yoast_head":"<!-- This site is optimized with the Yoast SEO plugin v24.0 - https:\/\/yoast.com\/wordpress\/plugins\/seo\/ -->\n<title>\u00dcber uns - SF TEchnique<\/title>\n<meta name=\"robots\" content=\"index, follow, max-snippet:-1, max-image-preview:large, max-video-preview:-1\" \/>\n<link rel=\"canonical\" href=\"https:\/\/sftechnique.ch\/de\/ueber\/\" \/>\n<meta property=\"og:locale\" content=\"de_DE\" \/>\n<meta property=\"og:type\" content=\"article\" \/>\n<meta property=\"og:title\" content=\"\u00dcber uns - SF TEchnique\" \/>\n<meta property=\"og:description\" content=\"SF Technique Angetrieben von einer Leidenschaft f\u00fcr Mechanik und Automatisierung bieten wir Ihnen innovative und qualitativ hochwertige L\u00f6sungen. Fr\u00e9d\u00e9ric Sahli hat sich seit seiner Kindheit f\u00fcr Mechanik und Automatisierung begeistert. Seine berufliche Laufbahn ist von einem st\u00e4ndigen Streben nach Wissen und Innovation gepr\u00e4gt. Seine Faszination f\u00fcr die Funktionsweise von Maschinen hat ihn dazu gebracht, jede [&hellip;]\" \/>\n<meta property=\"og:url\" content=\"https:\/\/sftechnique.ch\/de\/ueber\/\" \/>\n<meta property=\"og:site_name\" content=\"SF TEchnique\" \/>\n<meta property=\"article:modified_time\" content=\"2024-12-09T10:21:48+00:00\" \/>\n<meta property=\"og:image\" content=\"https:\/\/sftechnique.ch\/wp-content\/uploads\/sf-technique_03.jpg\" \/>\n\t<meta property=\"og:image:width\" content=\"1920\" \/>\n\t<meta property=\"og:image:height\" content=\"700\" \/>\n\t<meta property=\"og:image:type\" content=\"image\/jpeg\" \/>\n<meta name=\"twitter:card\" content=\"summary_large_image\" \/>\n<meta name=\"twitter:label1\" content=\"Gesch\u00e4tzte Lesezeit\" \/>\n\t<meta name=\"twitter:data1\" content=\"1\u00a0Minute\" \/>\n<script type=\"application\/ld+json\" class=\"yoast-schema-graph\">{\"@context\":\"https:\/\/schema.org\",\"@graph\":[{\"@type\":\"WebPage\",\"@id\":\"https:\/\/sftechnique.ch\/de\/ueber\/\",\"url\":\"https:\/\/sftechnique.ch\/de\/ueber\/\",\"name\":\"\u00dcber uns - SF TEchnique\",\"isPartOf\":{\"@id\":\"https:\/\/sftechnique.ch\/de\/#website\"},\"primaryImageOfPage\":{\"@id\":\"https:\/\/sftechnique.ch\/de\/ueber\/#primaryimage\"},\"image\":{\"@id\":\"https:\/\/sftechnique.ch\/de\/ueber\/#primaryimage\"},\"thumbnailUrl\":\"https:\/\/sftechnique.ch\/wp-content\/uploads\/sf-technique_03.jpg\",\"datePublished\":\"2024-07-19T14:20:42+00:00\",\"dateModified\":\"2024-12-09T10:21:48+00:00\",\"breadcrumb\":{\"@id\":\"https:\/\/sftechnique.ch\/de\/ueber\/#breadcrumb\"},\"inLanguage\":\"de\",\"potentialAction\":[{\"@type\":\"ReadAction\",\"target\":[\"https:\/\/sftechnique.ch\/de\/ueber\/\"]}]},{\"@type\":\"ImageObject\",\"inLanguage\":\"de\",\"@id\":\"https:\/\/sftechnique.ch\/de\/ueber\/#primaryimage\",\"url\":\"https:\/\/sftechnique.ch\/wp-content\/uploads\/sf-technique_03.jpg\",\"contentUrl\":\"https:\/\/sftechnique.ch\/wp-content\/uploads\/sf-technique_03.jpg\"},{\"@type\":\"BreadcrumbList\",\"@id\":\"https:\/\/sftechnique.ch\/de\/ueber\/#breadcrumb\",\"itemListElement\":[{\"@type\":\"ListItem\",\"position\":1,\"name\":\"Accueil\",\"item\":\"https:\/\/sftechnique.ch\/de\/startseite\/\"},{\"@type\":\"ListItem\",\"position\":2,\"name\":\"\u00dcber uns\"}]},{\"@type\":\"WebSite\",\"@id\":\"https:\/\/sftechnique.ch\/de\/#website\",\"url\":\"https:\/\/sftechnique.ch\/de\/\",\"name\":\"SF TEchnique\",\"description\":\"Savoir-Faire Technique\",\"publisher\":{\"@id\":\"https:\/\/sftechnique.ch\/de\/#organization\"},\"potentialAction\":[{\"@type\":\"SearchAction\",\"target\":{\"@type\":\"EntryPoint\",\"urlTemplate\":\"https:\/\/sftechnique.ch\/de\/?s={search_term_string}\"},\"query-input\":{\"@type\":\"PropertyValueSpecification\",\"valueRequired\":true,\"valueName\":\"search_term_string\"}}],\"inLanguage\":\"de\"},{\"@type\":\"Organization\",\"@id\":\"https:\/\/sftechnique.ch\/de\/#organization\",\"name\":\"SF TEchnique\",\"url\":\"https:\/\/sftechnique.ch\/de\/\",\"logo\":{\"@type\":\"ImageObject\",\"inLanguage\":\"de\",\"@id\":\"https:\/\/sftechnique.ch\/de\/#\/schema\/logo\/image\/\",\"url\":\"https:\/\/sftechnique.ch\/wp-content\/uploads\/SF-Technique_Logo-1.png\",\"contentUrl\":\"https:\/\/sftechnique.ch\/wp-content\/uploads\/SF-Technique_Logo-1.png\",\"width\":600,\"height\":334,\"caption\":\"SF TEchnique\"},\"image\":{\"@id\":\"https:\/\/sftechnique.ch\/de\/#\/schema\/logo\/image\/\"}}]}<\/script>\n<!-- \/ Yoast SEO plugin. -->","yoast_head_json":{"title":"\u00dcber uns - SF TEchnique","robots":{"index":"index","follow":"follow","max-snippet":"max-snippet:-1","max-image-preview":"max-image-preview:large","max-video-preview":"max-video-preview:-1"},"canonical":"https:\/\/sftechnique.ch\/de\/ueber\/","og_locale":"de_DE","og_type":"article","og_title":"\u00dcber uns - SF TEchnique","og_description":"SF Technique Angetrieben von einer Leidenschaft f\u00fcr Mechanik und Automatisierung bieten wir Ihnen innovative und qualitativ hochwertige L\u00f6sungen. Fr\u00e9d\u00e9ric Sahli hat sich seit seiner Kindheit f\u00fcr Mechanik und Automatisierung begeistert. Seine berufliche Laufbahn ist von einem st\u00e4ndigen Streben nach Wissen und Innovation gepr\u00e4gt. Seine Faszination f\u00fcr die Funktionsweise von Maschinen hat ihn dazu gebracht, jede [&hellip;]","og_url":"https:\/\/sftechnique.ch\/de\/ueber\/","og_site_name":"SF TEchnique","article_modified_time":"2024-12-09T10:21:48+00:00","og_image":[{"width":1920,"height":700,"url":"https:\/\/sftechnique.ch\/wp-content\/uploads\/sf-technique_03.jpg","type":"image\/jpeg"}],"twitter_card":"summary_large_image","twitter_misc":{"Gesch\u00e4tzte Lesezeit":"1\u00a0Minute"},"schema":{"@context":"https:\/\/schema.org","@graph":[{"@type":"WebPage","@id":"https:\/\/sftechnique.ch\/de\/ueber\/","url":"https:\/\/sftechnique.ch\/de\/ueber\/","name":"\u00dcber uns - SF TEchnique","isPartOf":{"@id":"https:\/\/sftechnique.ch\/de\/#website"},"primaryImageOfPage":{"@id":"https:\/\/sftechnique.ch\/de\/ueber\/#primaryimage"},"image":{"@id":"https:\/\/sftechnique.ch\/de\/ueber\/#primaryimage"},"thumbnailUrl":"https:\/\/sftechnique.ch\/wp-content\/uploads\/sf-technique_03.jpg","datePublished":"2024-07-19T14:20:42+00:00","dateModified":"2024-12-09T10:21:48+00:00","breadcrumb":{"@id":"https:\/\/sftechnique.ch\/de\/ueber\/#breadcrumb"},"inLanguage":"de","potentialAction":[{"@type":"ReadAction","target":["https:\/\/sftechnique.ch\/de\/ueber\/"]}]},{"@type":"ImageObject","inLanguage":"de","@id":"https:\/\/sftechnique.ch\/de\/ueber\/#primaryimage","url":"https:\/\/sftechnique.ch\/wp-content\/uploads\/sf-technique_03.jpg","contentUrl":"https:\/\/sftechnique.ch\/wp-content\/uploads\/sf-technique_03.jpg"},{"@type":"BreadcrumbList","@id":"https:\/\/sftechnique.ch\/de\/ueber\/#breadcrumb","itemListElement":[{"@type":"ListItem","position":1,"name":"Accueil","item":"https:\/\/sftechnique.ch\/de\/startseite\/"},{"@type":"ListItem","position":2,"name":"\u00dcber uns"}]},{"@type":"WebSite","@id":"https:\/\/sftechnique.ch\/de\/#website","url":"https:\/\/sftechnique.ch\/de\/","name":"SF TEchnique","description":"Savoir-Faire Technique","publisher":{"@id":"https:\/\/sftechnique.ch\/de\/#organization"},"potentialAction":[{"@type":"SearchAction","target":{"@type":"EntryPoint","urlTemplate":"https:\/\/sftechnique.ch\/de\/?s={search_term_string}"},"query-input":{"@type":"PropertyValueSpecification","valueRequired":true,"valueName":"search_term_string"}}],"inLanguage":"de"},{"@type":"Organization","@id":"https:\/\/sftechnique.ch\/de\/#organization","name":"SF TEchnique","url":"https:\/\/sftechnique.ch\/de\/","logo":{"@type":"ImageObject","inLanguage":"de","@id":"https:\/\/sftechnique.ch\/de\/#\/schema\/logo\/image\/","url":"https:\/\/sftechnique.ch\/wp-content\/uploads\/SF-Technique_Logo-1.png","contentUrl":"https:\/\/sftechnique.ch\/wp-content\/uploads\/SF-Technique_Logo-1.png","width":600,"height":334,"caption":"SF TEchnique"},"image":{"@id":"https:\/\/sftechnique.ch\/de\/#\/schema\/logo\/image\/"}}]}},"_links":{"self":[{"href":"https:\/\/sftechnique.ch\/de\/wp-json\/wp\/v2\/pages\/1025","targetHints":{"allow":["GET"]}}],"collection":[{"href":"https:\/\/sftechnique.ch\/de\/wp-json\/wp\/v2\/pages"}],"about":[{"href":"https:\/\/sftechnique.ch\/de\/wp-json\/wp\/v2\/types\/page"}],"author":[{"embeddable":true,"href":"https:\/\/sftechnique.ch\/de\/wp-json\/wp\/v2\/users\/1"}],"replies":[{"embeddable":true,"href":"https:\/\/sftechnique.ch\/de\/wp-json\/wp\/v2\/comments?post=1025"}],"version-history":[{"count":3,"href":"https:\/\/sftechnique.ch\/de\/wp-json\/wp\/v2\/pages\/1025\/revisions"}],"predecessor-version":[{"id":1047,"href":"https:\/\/sftechnique.ch\/de\/wp-json\/wp\/v2\/pages\/1025\/revisions\/1047"}],"wp:attachment":[{"href":"https:\/\/sftechnique.ch\/de\/wp-json\/wp\/v2\/media?parent=1025"}],"curies":[{"name":"wp","href":"https:\/\/api.w.org\/{rel}","templated":true}]}}