{"id":1017,"date":"2024-07-19T16:21:05","date_gmt":"2024-07-19T14:21:05","guid":{"rendered":"https:\/\/2024.sftechnique.ch\/kontakt\/"},"modified":"2024-12-09T11:17:21","modified_gmt":"2024-12-09T10:17:21","slug":"kontakt","status":"publish","type":"page","link":"https:\/\/sftechnique.ch\/de\/kontakt\/","title":{"rendered":"Kontakt"},"content":{"rendered":"\t\t<div data-elementor-type=\"wp-page\" data-elementor-id=\"1017\" class=\"elementor elementor-1017 elementor-122\" data-elementor-post-type=\"page\">\n\t\t\t\t<div class=\"elementor-element elementor-element-1abf1cae e-con-full e-flex e-con e-parent\" data-id=\"1abf1cae\" data-element_type=\"container\">\n\t\t<div class=\"elementor-element elementor-element-5fe31522 e-con-full e-flex e-con e-child\" data-id=\"5fe31522\" data-element_type=\"container\">\n\t\t<div class=\"elementor-element elementor-element-1fe562b e-con-full e-flex e-con e-child\" data-id=\"1fe562b\" data-element_type=\"container\">\n\t\t\t\t<div class=\"elementor-element elementor-element-1c2c4c68 elementor-icon-list--layout-traditional elementor-list-item-link-full_width elementor-invisible elementor-widget elementor-widget-icon-list\" data-id=\"1c2c4c68\" data-element_type=\"widget\" data-settings=\"{&quot;_animation&quot;:&quot;fadeInUp&quot;}\" data-widget_type=\"icon-list.default\">\n\t\t\t\t<div class=\"elementor-widget-container\">\n\t\t\t\t\t<ul class=\"elementor-icon-list-items\">\n\t\t\t\t\t\t\t<li class=\"elementor-icon-list-item\">\n\t\t\t\t\t\t\t\t\t\t\t<span class=\"elementor-icon-list-icon\">\n\t\t\t\t\t\t\t<i aria-hidden=\"true\" class=\"icon icon-minus\"><\/i>\t\t\t\t\t\t<\/span>\n\t\t\t\t\t\t\t\t\t\t<span class=\"elementor-icon-list-text\">Kontakt<\/span>\n\t\t\t\t\t\t\t\t\t<\/li>\n\t\t\t\t\t\t<\/ul>\n\t\t\t\t<\/div>\n\t\t\t\t<\/div>\n\t\t\t\t<\/div>\n\t\t<div class=\"elementor-element elementor-element-3b82ba4a e-con-full e-flex e-con e-child\" data-id=\"3b82ba4a\" data-element_type=\"container\">\n\t\t\t\t<div class=\"elementor-element elementor-element-76e748b elementor-invisible elementor-widget elementor-widget-elementskit-heading\" data-id=\"76e748b\" data-element_type=\"widget\" data-settings=\"{&quot;_animation&quot;:&quot;fadeInDown&quot;}\" data-widget_type=\"elementskit-heading.default\">\n\t\t\t\t<div class=\"elementor-widget-container\">\n\t\t\t<div class=\"ekit-wid-con\" ><div class=\"ekit-heading elementskit-section-title-wraper text_left   ekit_heading_tablet-   ekit_heading_mobile-\"><h1 class=\"ekit-heading--title elementskit-section-title \">Wie Sie uns kontaktieren k\u00f6nnen<\/h1><\/div><\/div>\t\t<\/div>\n\t\t\t\t<\/div>\n\t\t\t\t<\/div>\n\t\t\t\t<\/div>\n\t\t\t\t<\/div>\n\t\t<div class=\"elementor-element elementor-element-2b256643 e-flex e-con-boxed e-con e-parent\" data-id=\"2b256643\" data-element_type=\"container\">\n\t\t\t\t\t<div class=\"e-con-inner\">\n\t\t<div class=\"elementor-element elementor-element-8bcf284 e-con-full e-flex e-con e-child\" data-id=\"8bcf284\" data-element_type=\"container\">\n\t\t\t\t<div class=\"elementor-element elementor-element-db6d69a elementor-invisible elementor-widget elementor-widget-google_maps\" data-id=\"db6d69a\" data-element_type=\"widget\" data-settings=\"{&quot;_animation&quot;:&quot;fadeIn&quot;}\" data-widget_type=\"google_maps.default\">\n\t\t\t\t<div class=\"elementor-widget-container\">\n\t\t\t\t\t<div class=\"elementor-custom-embed\">\n\t\t\t<iframe loading=\"lazy\"\n\t\t\t\t\tsrc=\"https:\/\/maps.google.com\/maps?q=La%20Vy%20d%E2%80%99%C3%8Atra%20100%202014%20B%C3%B4le&#038;t=m&#038;z=16&#038;output=embed&#038;iwloc=near\"\n\t\t\t\t\ttitle=\"La Vy d\u2019\u00catra 100 2014 B\u00f4le\"\n\t\t\t\t\taria-label=\"La Vy d\u2019\u00catra 100 2014 B\u00f4le\"\n\t\t\t><\/iframe>\n\t\t<\/div>\n\t\t\t\t<\/div>\n\t\t\t\t<\/div>\n\t\t\t\t<\/div>\n\t\t<div class=\"elementor-element elementor-element-59688c46 e-con-full e-flex e-con e-child\" data-id=\"59688c46\" data-element_type=\"container\">\n\t\t\t\t<div class=\"elementor-element elementor-element-21ecd7f0 elementor-position-left elementor-vertical-align-middle elementor-view-default elementor-mobile-position-top elementor-invisible elementor-widget elementor-widget-icon-box\" data-id=\"21ecd7f0\" data-element_type=\"widget\" data-settings=\"{&quot;_animation&quot;:&quot;fadeInUp&quot;,&quot;_animation_delay&quot;:200}\" data-widget_type=\"icon-box.default\">\n\t\t\t\t<div class=\"elementor-widget-container\">\n\t\t\t\t\t<div class=\"elementor-icon-box-wrapper\">\n\n\t\t\t\t\t\t<div class=\"elementor-icon-box-icon\">\n\t\t\t\t<span  class=\"elementor-icon elementor-animation-float\">\n\t\t\t\t<i aria-hidden=\"true\" class=\"icon icon-envelope1\"><\/i>\t\t\t\t<\/span>\n\t\t\t<\/div>\n\t\t\t\n\t\t\t\t\t\t<div class=\"elementor-icon-box-content\">\n\n\t\t\t\t\t\t\t\t\t<h5 class=\"elementor-icon-box-title\">\n\t\t\t\t\t\t<span  >\n\t\t\t\t\t\t\tE-Mail\t\t\t\t\t\t<\/span>\n\t\t\t\t\t<\/h5>\n\t\t\t\t\n\t\t\t\t\t\t\t\t\t<p class=\"elementor-icon-box-description\">\n\t\t\t\t\t\tinfo@sftechnique.ch\t\t\t\t\t<\/p>\n\t\t\t\t\n\t\t\t<\/div>\n\t\t\t\n\t\t<\/div>\n\t\t\t\t<\/div>\n\t\t\t\t<\/div>\n\t\t\t\t<div class=\"elementor-element elementor-element-3789b7ed elementor-position-left elementor-vertical-align-middle elementor-view-default elementor-mobile-position-top elementor-invisible elementor-widget elementor-widget-icon-box\" data-id=\"3789b7ed\" data-element_type=\"widget\" data-settings=\"{&quot;_animation&quot;:&quot;fadeInUp&quot;,&quot;_animation_delay&quot;:400}\" data-widget_type=\"icon-box.default\">\n\t\t\t\t<div class=\"elementor-widget-container\">\n\t\t\t\t\t<div class=\"elementor-icon-box-wrapper\">\n\n\t\t\t\t\t\t<div class=\"elementor-icon-box-icon\">\n\t\t\t\t<span  class=\"elementor-icon elementor-animation-float\">\n\t\t\t\t<i aria-hidden=\"true\" class=\"icon icon-phone-handset\"><\/i>\t\t\t\t<\/span>\n\t\t\t<\/div>\n\t\t\t\n\t\t\t\t\t\t<div class=\"elementor-icon-box-content\">\n\n\t\t\t\t\t\t\t\t\t<h5 class=\"elementor-icon-box-title\">\n\t\t\t\t\t\t<span  >\n\t\t\t\t\t\t\tTelefon\t\t\t\t\t\t<\/span>\n\t\t\t\t\t<\/h5>\n\t\t\t\t\n\t\t\t\t\t\t\t\t\t<p class=\"elementor-icon-box-description\">\n\t\t\t\t\t\t+41 79 268 80 84\t\t\t\t\t<\/p>\n\t\t\t\t\n\t\t\t<\/div>\n\t\t\t\n\t\t<\/div>\n\t\t\t\t<\/div>\n\t\t\t\t<\/div>\n\t\t\t\t<div class=\"elementor-element elementor-element-7103c65b elementor-position-left elementor-vertical-align-middle elementor-view-default elementor-mobile-position-top elementor-invisible elementor-widget elementor-widget-icon-box\" data-id=\"7103c65b\" data-element_type=\"widget\" data-settings=\"{&quot;_animation&quot;:&quot;fadeInUp&quot;,&quot;_animation_delay&quot;:600}\" data-widget_type=\"icon-box.default\">\n\t\t\t\t<div class=\"elementor-widget-container\">\n\t\t\t\t\t<div class=\"elementor-icon-box-wrapper\">\n\n\t\t\t\t\t\t<div class=\"elementor-icon-box-icon\">\n\t\t\t\t<span  class=\"elementor-icon elementor-animation-float\">\n\t\t\t\t<i aria-hidden=\"true\" class=\"icon icon-map\"><\/i>\t\t\t\t<\/span>\n\t\t\t<\/div>\n\t\t\t\n\t\t\t\t\t\t<div class=\"elementor-icon-box-content\">\n\n\t\t\t\t\t\t\t\t\t<h5 class=\"elementor-icon-box-title\">\n\t\t\t\t\t\t<span  >\n\t\t\t\t\t\t\tAdresse\t\t\t\t\t\t<\/span>\n\t\t\t\t\t<\/h5>\n\t\t\t\t\n\t\t\t\t\t\t\t\t\t<p class=\"elementor-icon-box-description\">\n\t\t\t\t\t\tLa Vy d'\u00catra 100 - 2014 B\u00f4le\t\t\t\t\t<\/p>\n\t\t\t\t\n\t\t\t<\/div>\n\t\t\t\n\t\t<\/div>\n\t\t\t\t<\/div>\n\t\t\t\t<\/div>\n\t\t\t\t<\/div>\n\t\t\t\t\t<\/div>\n\t\t\t\t<\/div>\n\t\t\t\t<\/div>\n\t\t","protected":false},"excerpt":{"rendered":"<p>Kontakt Wie Sie uns kontaktieren k\u00f6nnen E-Mail info@sftechnique.ch Telefon +41 79 268 80 84 Adresse La Vy d&#8217;\u00catra 100 &#8211; 2014 B\u00f4le<\/p>\n","protected":false},"author":1,"featured_media":0,"parent":0,"menu_order":5,"comment_status":"closed","ping_status":"closed","template":"elementor_header_footer","meta":{"_acf_changed":false,"_monsterinsights_skip_tracking":false,"_monsterinsights_sitenote_active":false,"_monsterinsights_sitenote_note":"","_monsterinsights_sitenote_category":0,"footnotes":""},"class_list":["post-1017","page","type-page","status-publish","hentry"],"acf":[],"yoast_head":"<!-- This site is optimized with the Yoast SEO plugin v24.0 - https:\/\/yoast.com\/wordpress\/plugins\/seo\/ -->\n<title>Kontakt - SF TEchnique<\/title>\n<meta name=\"robots\" content=\"index, follow, max-snippet:-1, max-image-preview:large, max-video-preview:-1\" \/>\n<link rel=\"canonical\" href=\"https:\/\/sftechnique.ch\/de\/kontakt\/\" \/>\n<meta property=\"og:locale\" content=\"de_DE\" \/>\n<meta property=\"og:type\" content=\"article\" \/>\n<meta property=\"og:title\" content=\"Kontakt - SF TEchnique\" \/>\n<meta property=\"og:description\" content=\"Kontakt Wie Sie uns kontaktieren k\u00f6nnen E-Mail info@sftechnique.ch Telefon +41 79 268 80 84 Adresse La Vy d&#8217;\u00catra 100 &#8211; 2014 B\u00f4le\" \/>\n<meta property=\"og:url\" content=\"https:\/\/sftechnique.ch\/de\/kontakt\/\" \/>\n<meta property=\"og:site_name\" content=\"SF TEchnique\" \/>\n<meta property=\"article:modified_time\" content=\"2024-12-09T10:17:21+00:00\" \/>\n<meta name=\"twitter:card\" content=\"summary_large_image\" \/>\n<script type=\"application\/ld+json\" class=\"yoast-schema-graph\">{\"@context\":\"https:\/\/schema.org\",\"@graph\":[{\"@type\":\"WebPage\",\"@id\":\"https:\/\/sftechnique.ch\/de\/kontakt\/\",\"url\":\"https:\/\/sftechnique.ch\/de\/kontakt\/\",\"name\":\"Kontakt - SF TEchnique\",\"isPartOf\":{\"@id\":\"https:\/\/sftechnique.ch\/de\/#website\"},\"datePublished\":\"2024-07-19T14:21:05+00:00\",\"dateModified\":\"2024-12-09T10:17:21+00:00\",\"breadcrumb\":{\"@id\":\"https:\/\/sftechnique.ch\/de\/kontakt\/#breadcrumb\"},\"inLanguage\":\"de\",\"potentialAction\":[{\"@type\":\"ReadAction\",\"target\":[\"https:\/\/sftechnique.ch\/de\/kontakt\/\"]}]},{\"@type\":\"BreadcrumbList\",\"@id\":\"https:\/\/sftechnique.ch\/de\/kontakt\/#breadcrumb\",\"itemListElement\":[{\"@type\":\"ListItem\",\"position\":1,\"name\":\"Accueil\",\"item\":\"https:\/\/sftechnique.ch\/de\/startseite\/\"},{\"@type\":\"ListItem\",\"position\":2,\"name\":\"Kontakt\"}]},{\"@type\":\"WebSite\",\"@id\":\"https:\/\/sftechnique.ch\/de\/#website\",\"url\":\"https:\/\/sftechnique.ch\/de\/\",\"name\":\"SF TEchnique\",\"description\":\"Savoir-Faire Technique\",\"publisher\":{\"@id\":\"https:\/\/sftechnique.ch\/de\/#organization\"},\"potentialAction\":[{\"@type\":\"SearchAction\",\"target\":{\"@type\":\"EntryPoint\",\"urlTemplate\":\"https:\/\/sftechnique.ch\/de\/?s={search_term_string}\"},\"query-input\":{\"@type\":\"PropertyValueSpecification\",\"valueRequired\":true,\"valueName\":\"search_term_string\"}}],\"inLanguage\":\"de\"},{\"@type\":\"Organization\",\"@id\":\"https:\/\/sftechnique.ch\/de\/#organization\",\"name\":\"SF TEchnique\",\"url\":\"https:\/\/sftechnique.ch\/de\/\",\"logo\":{\"@type\":\"ImageObject\",\"inLanguage\":\"de\",\"@id\":\"https:\/\/sftechnique.ch\/de\/#\/schema\/logo\/image\/\",\"url\":\"https:\/\/sftechnique.ch\/wp-content\/uploads\/SF-Technique_Logo-1.png\",\"contentUrl\":\"https:\/\/sftechnique.ch\/wp-content\/uploads\/SF-Technique_Logo-1.png\",\"width\":600,\"height\":334,\"caption\":\"SF TEchnique\"},\"image\":{\"@id\":\"https:\/\/sftechnique.ch\/de\/#\/schema\/logo\/image\/\"}}]}<\/script>\n<!-- \/ Yoast SEO plugin. -->","yoast_head_json":{"title":"Kontakt - SF TEchnique","robots":{"index":"index","follow":"follow","max-snippet":"max-snippet:-1","max-image-preview":"max-image-preview:large","max-video-preview":"max-video-preview:-1"},"canonical":"https:\/\/sftechnique.ch\/de\/kontakt\/","og_locale":"de_DE","og_type":"article","og_title":"Kontakt - SF TEchnique","og_description":"Kontakt Wie Sie uns kontaktieren k\u00f6nnen E-Mail info@sftechnique.ch Telefon +41 79 268 80 84 Adresse La Vy d&#8217;\u00catra 100 &#8211; 2014 B\u00f4le","og_url":"https:\/\/sftechnique.ch\/de\/kontakt\/","og_site_name":"SF TEchnique","article_modified_time":"2024-12-09T10:17:21+00:00","twitter_card":"summary_large_image","schema":{"@context":"https:\/\/schema.org","@graph":[{"@type":"WebPage","@id":"https:\/\/sftechnique.ch\/de\/kontakt\/","url":"https:\/\/sftechnique.ch\/de\/kontakt\/","name":"Kontakt - SF TEchnique","isPartOf":{"@id":"https:\/\/sftechnique.ch\/de\/#website"},"datePublished":"2024-07-19T14:21:05+00:00","dateModified":"2024-12-09T10:17:21+00:00","breadcrumb":{"@id":"https:\/\/sftechnique.ch\/de\/kontakt\/#breadcrumb"},"inLanguage":"de","potentialAction":[{"@type":"ReadAction","target":["https:\/\/sftechnique.ch\/de\/kontakt\/"]}]},{"@type":"BreadcrumbList","@id":"https:\/\/sftechnique.ch\/de\/kontakt\/#breadcrumb","itemListElement":[{"@type":"ListItem","position":1,"name":"Accueil","item":"https:\/\/sftechnique.ch\/de\/startseite\/"},{"@type":"ListItem","position":2,"name":"Kontakt"}]},{"@type":"WebSite","@id":"https:\/\/sftechnique.ch\/de\/#website","url":"https:\/\/sftechnique.ch\/de\/","name":"SF TEchnique","description":"Savoir-Faire Technique","publisher":{"@id":"https:\/\/sftechnique.ch\/de\/#organization"},"potentialAction":[{"@type":"SearchAction","target":{"@type":"EntryPoint","urlTemplate":"https:\/\/sftechnique.ch\/de\/?s={search_term_string}"},"query-input":{"@type":"PropertyValueSpecification","valueRequired":true,"valueName":"search_term_string"}}],"inLanguage":"de"},{"@type":"Organization","@id":"https:\/\/sftechnique.ch\/de\/#organization","name":"SF TEchnique","url":"https:\/\/sftechnique.ch\/de\/","logo":{"@type":"ImageObject","inLanguage":"de","@id":"https:\/\/sftechnique.ch\/de\/#\/schema\/logo\/image\/","url":"https:\/\/sftechnique.ch\/wp-content\/uploads\/SF-Technique_Logo-1.png","contentUrl":"https:\/\/sftechnique.ch\/wp-content\/uploads\/SF-Technique_Logo-1.png","width":600,"height":334,"caption":"SF TEchnique"},"image":{"@id":"https:\/\/sftechnique.ch\/de\/#\/schema\/logo\/image\/"}}]}},"_links":{"self":[{"href":"https:\/\/sftechnique.ch\/de\/wp-json\/wp\/v2\/pages\/1017","targetHints":{"allow":["GET"]}}],"collection":[{"href":"https:\/\/sftechnique.ch\/de\/wp-json\/wp\/v2\/pages"}],"about":[{"href":"https:\/\/sftechnique.ch\/de\/wp-json\/wp\/v2\/types\/page"}],"author":[{"embeddable":true,"href":"https:\/\/sftechnique.ch\/de\/wp-json\/wp\/v2\/users\/1"}],"replies":[{"embeddable":true,"href":"https:\/\/sftechnique.ch\/de\/wp-json\/wp\/v2\/comments?post=1017"}],"version-history":[{"count":1,"href":"https:\/\/sftechnique.ch\/de\/wp-json\/wp\/v2\/pages\/1017\/revisions"}],"predecessor-version":[{"id":1019,"href":"https:\/\/sftechnique.ch\/de\/wp-json\/wp\/v2\/pages\/1017\/revisions\/1019"}],"wp:attachment":[{"href":"https:\/\/sftechnique.ch\/de\/wp-json\/wp\/v2\/media?parent=1017"}],"curies":[{"name":"wp","href":"https:\/\/api.w.org\/{rel}","templated":true}]}}